{"id":2,"date":"2018-07-10T22:32:04","date_gmt":"2018-07-10T20:32:04","guid":{"rendered":"http:\/\/enduro-portugal.com\/?page_id=2"},"modified":"2025-04-29T10:24:06","modified_gmt":"2025-04-29T09:24:06","slug":"enduro-portugal-3","status":"publish","type":"page","link":"https:\/\/enduro-portugal.com\/de\/","title":{"rendered":"Willkommen bei<br \/>Enduro Portugal"},"content":{"rendered":"<style>.kb-row-layout-wrap.wp-block-kadence-rowlayout.kb-row-layout-id2_9bcc53-52{margin-bottom:-30px;}.kb-row-layout-id2_9bcc53-52 > .kt-row-column-wrap{align-content:start;}:where(.kb-row-layout-id2_9bcc53-52 > .kt-row-column-wrap) > .wp-block-kadence-column{justify-content:start;}.kb-row-layout-id2_9bcc53-52 > .kt-row-column-wrap{column-gap:var(--global-kb-gap-lg, 4rem);row-gap:var(--global-kb-gap-md, 2rem);padding-top:0px;padding-bottom:0px;grid-template-columns:minmax(0, 1fr);}.kb-row-layout-id2_9bcc53-52 > .kt-row-layout-overlay{opacity:0.30;}@media all and (max-width: 1024px){.kb-row-layout-id2_9bcc53-52 > .kt-row-column-wrap{grid-template-columns:minmax(0, 1fr);}}@media all and (max-width: 767px){.kb-row-layout-id2_9bcc53-52 > .kt-row-column-wrap{grid-template-columns:minmax(0, 1fr);}}<\/style><div class=\"kb-row-layout-wrap kb-row-layout-id2_9bcc53-52 alignnone wp-block-kadence-rowlayout\"><div class=\"kt-row-column-wrap kt-has-1-columns kt-row-layout-equal kt-tab-layout-inherit kt-mobile-layout-row kt-row-valign-top\">\n<style>.kadence-column2_c9c807-be > .kt-inside-inner-col{display:flex;}.kadence-column2_c9c807-be > .kt-inside-inner-col,.kadence-column2_c9c807-be > .kt-inside-inner-col:before{border-top-left-radius:0px;border-top-right-radius:0px;border-bottom-right-radius:0px;border-bottom-left-radius:0px;}.kadence-column2_c9c807-be > .kt-inside-inner-col{column-gap:var(--global-kb-gap-sm, 1rem);}.kadence-column2_c9c807-be > .kt-inside-inner-col{flex-direction:column;justify-content:space-evenly;}.kadence-column2_c9c807-be > .kt-inside-inner-col > .aligncenter{width:100%;}.kt-row-column-wrap > .kadence-column2_c9c807-be{align-self:center;}.kt-inner-column-height-full:not(.kt-has-1-columns) > .wp-block-kadence-column.kadence-column2_c9c807-be{align-self:auto;}.kt-inner-column-height-full:not(.kt-has-1-columns) > .wp-block-kadence-column.kadence-column2_c9c807-be > .kt-inside-inner-col{flex-direction:column;justify-content:space-evenly;}.kadence-column2_c9c807-be > .kt-inside-inner-col:before{opacity:0.3;}.kadence-column2_c9c807-be{position:relative;}@media all and (max-width: 1024px){.kt-row-column-wrap > .kadence-column2_c9c807-be{align-self:center;}}@media all and (max-width: 1024px){.kt-inner-column-height-full:not(.kt-has-1-columns) > .wp-block-kadence-column.kadence-column2_c9c807-be{align-self:auto;}}@media all and (max-width: 1024px){.kt-inner-column-height-full:not(.kt-has-1-columns) > .wp-block-kadence-column.kadence-column2_c9c807-be > .kt-inside-inner-col{flex-direction:column;justify-content:space-evenly;}}@media all and (max-width: 1024px){.kadence-column2_c9c807-be > .kt-inside-inner-col{flex-direction:column;justify-content:space-evenly;}}@media all and (max-width: 767px){.kt-row-column-wrap > .kadence-column2_c9c807-be{align-self:center;}.kt-inner-column-height-full:not(.kt-has-1-columns) > .wp-block-kadence-column.kadence-column2_c9c807-be{align-self:auto;}.kt-inner-column-height-full:not(.kt-has-1-columns) > .wp-block-kadence-column.kadence-column2_c9c807-be > .kt-inside-inner-col{flex-direction:column;justify-content:space-evenly;}.kadence-column2_c9c807-be > .kt-inside-inner-col{flex-direction:column;justify-content:space-evenly;}}<\/style>\n<div class=\"wp-block-kadence-column kadence-column2_c9c807-be\"><div class=\"kt-inside-inner-col\">\n<p class=\"has-text-align-center\" style=\"font-size:18px\">Entdecken Sie mit uns die S\u00fcd-west Algarve. Unser Lodge ist der beste Standort f\u00fcr vielf\u00e4ltige Touren in das Inland oder entlang der Atlantik K\u00fcste. Von Steilk\u00fcsten \u00fcber einsame Str\u00e4nde durch ausgetrocknete Bachbetten bis auf den Berggipfel Foia bei Monchique mit soviel verschiedenen Terrains werden Sie nicht rechnen. Wir bieten das perfekte Abenteuer f\u00fcr alle Motorradfahrer, die Offroad-Touren und Enduro Motocross fahren lieben.<\/p>\n<\/div><\/div>\n\n<\/div><\/div>","protected":false},"excerpt":{"rendered":"<p>Entdecken Sie mit uns die S\u00fcd-west Algarve. Unser Lodge ist der beste Standort f\u00fcr vielf\u00e4ltige Touren in das Inland oder entlang der Atlantik K\u00fcste. Von Steilk\u00fcsten \u00fcber einsame Str\u00e4nde durch ausgetrocknete Bachbetten bis auf den Berggipfel Foia bei Monchique mit soviel verschiedenen Terrains werden Sie nicht rechnen. Wir bieten das perfekte Abenteuer f\u00fcr alle Motorradfahrer, [&hellip;]<\/p>\n","protected":false},"author":3,"featured_media":594,"parent":0,"menu_order":0,"comment_status":"open","ping_status":"closed","template":"home.php","meta":{"_kad_blocks_custom_css":"","_kad_blocks_head_custom_js":"","_kad_blocks_body_custom_js":"","_kad_blocks_footer_custom_js":"","footnotes":""},"class_list":["post-2","page","type-page","status-publish","has-post-thumbnail","hentry"],"taxonomy_info":[],"featured_image_src_large":["https:\/\/enduro-portugal.com\/wp-content\/uploads\/2020\/12\/Enduro-Portugal.com-31-1024x682.jpg",1024,682,true],"author_info":{"display_name":"w3b4","author_link":"https:\/\/enduro-portugal.com\/de\/author\/w3b4\/"},"comment_info":0,"_links":{"self":[{"href":"https:\/\/enduro-portugal.com\/de\/wp-json\/wp\/v2\/pages\/2","targetHints":{"allow":["GET"]}}],"collection":[{"href":"https:\/\/enduro-portugal.com\/de\/wp-json\/wp\/v2\/pages"}],"about":[{"href":"https:\/\/enduro-portugal.com\/de\/wp-json\/wp\/v2\/types\/page"}],"author":[{"embeddable":true,"href":"https:\/\/enduro-portugal.com\/de\/wp-json\/wp\/v2\/users\/3"}],"replies":[{"embeddable":true,"href":"https:\/\/enduro-portugal.com\/de\/wp-json\/wp\/v2\/comments?post=2"}],"version-history":[{"count":10,"href":"https:\/\/enduro-portugal.com\/de\/wp-json\/wp\/v2\/pages\/2\/revisions"}],"predecessor-version":[{"id":1104,"href":"https:\/\/enduro-portugal.com\/de\/wp-json\/wp\/v2\/pages\/2\/revisions\/1104"}],"wp:featuredmedia":[{"embeddable":true,"href":"https:\/\/enduro-portugal.com\/de\/wp-json\/wp\/v2\/media\/594"}],"wp:attachment":[{"href":"https:\/\/enduro-portugal.com\/de\/wp-json\/wp\/v2\/media?parent=2"}],"curies":[{"name":"wp","href":"https:\/\/api.w.org\/{rel}","templated":true}]}}