{"id":37,"date":"2018-12-05T13:39:01","date_gmt":"2018-12-05T13:39:01","guid":{"rendered":"http:\/\/enduro-portugal.com\/?page_id=37"},"modified":"2025-11-11T09:54:45","modified_gmt":"2025-11-11T09:54:45","slug":"prices","status":"publish","type":"page","link":"https:\/\/enduro-portugal.com\/de\/prices\/","title":{"rendered":"Preise"},"content":{"rendered":"<figure class=\"wp-block-table is-style-regular width50\"><table class=\"has-fixed-layout\"><thead><tr><th class=\"has-text-align-left\" data-align=\"left\"><strong><strong>2\/3 Tage Paket<\/strong><\/strong><\/th><th class=\"has-text-align-left\" data-align=\"left\">\u20ac799<\/th><\/tr><\/thead><tbody><tr><td class=\"has-text-align-left\" data-align=\"left\">Teilnehmer<\/td><td class=\"has-text-align-left\" data-align=\"left\">Min 3, max 6<\/td><\/tr><tr><td class=\"has-text-align-left\" data-align=\"left\">\u00dcbernachtungen im Doppelzimmer *<\/td><td class=\"has-text-align-left\" data-align=\"left\">3<\/td><\/tr><tr><td class=\"has-text-align-left\" data-align=\"left\">Enduro Tage<\/td><td class=\"has-text-align-left\" data-align=\"left\">2<\/td><\/tr><tr><td class=\"has-text-align-left\" data-align=\"left\">Datum<\/td><td class=\"has-text-align-left\" data-align=\"left\">Nach Wunsch<\/td><\/tr><tr><td class=\"has-text-align-left\" data-align=\"left\">* Einzelzimmerzuschlag<\/td><td class=\"has-text-align-left\" data-align=\"left\">\u20ac19<\/td><\/tr><\/tbody><\/table><\/figure>\n\n\n<style>.wp-block-kadence-advancedbtn.kb-btns37_30ed25-e9{gap:var(--global-kb-gap-xs, 0.5rem );justify-content:flex-start;align-items:center;}.kt-btns37_30ed25-e9 .kt-button{font-weight:normal;font-style:normal;}<\/style>\n<div class=\"wp-block-kadence-advancedbtn kb-buttons-wrap kb-btns37_30ed25-e9\"><style>ul.menu .wp-block-kadence-advancedbtn .kb-btn37_dccd4e-1e.kb-button{width:initial;}.wp-block-kadence-advancedbtn .kb-btn37_dccd4e-1e.kb-button{color:#ffffff;background:#ff6600;border-top-color:#ff6600;border-top-style:solid;border-right-color:#ff6600;border-right-style:solid;border-bottom-color:#ff6600;border-bottom-style:solid;border-left-color:#ff6600;border-left-style:solid;}.wp-block-kadence-advancedbtn .kb-btn37_dccd4e-1e.kb-button:hover, .wp-block-kadence-advancedbtn .kb-btn37_dccd4e-1e.kb-button:focus{color:#ffffff;background:#335a93;border-top-color:#335a93;border-top-style:solid;border-right-color:#335a93;border-right-style:solid;border-bottom-color:#335a93;border-bottom-style:solid;border-left-color:#335a93;border-left-style:solid;}@media all and (max-width: 1024px){.wp-block-kadence-advancedbtn .kb-btn37_dccd4e-1e.kb-button{border-top-color:#ff6600;border-top-style:solid;border-right-color:#ff6600;border-right-style:solid;border-bottom-color:#ff6600;border-bottom-style:solid;border-left-color:#ff6600;border-left-style:solid;}}@media all and (max-width: 1024px){.wp-block-kadence-advancedbtn .kb-btn37_dccd4e-1e.kb-button:hover, .wp-block-kadence-advancedbtn .kb-btn37_dccd4e-1e.kb-button:focus{border-top-color:#335a93;border-top-style:solid;border-right-color:#335a93;border-right-style:solid;border-bottom-color:#335a93;border-bottom-style:solid;border-left-color:#335a93;border-left-style:solid;}}@media all and (max-width: 767px){.wp-block-kadence-advancedbtn .kb-btn37_dccd4e-1e.kb-button{border-top-color:#ff6600;border-top-style:solid;border-right-color:#ff6600;border-right-style:solid;border-bottom-color:#ff6600;border-bottom-style:solid;border-left-color:#ff6600;border-left-style:solid;}.wp-block-kadence-advancedbtn .kb-btn37_dccd4e-1e.kb-button:hover, .wp-block-kadence-advancedbtn .kb-btn37_dccd4e-1e.kb-button:focus{border-top-color:#335a93;border-top-style:solid;border-right-color:#335a93;border-right-style:solid;border-bottom-color:#335a93;border-bottom-style:solid;border-left-color:#335a93;border-left-style:solid;}}<\/style><a class=\"kb-button kt-button button kb-btn37_dccd4e-1e kt-btn-size-standard kt-btn-width-type-auto kb-btn-global-outline  kt-btn-has-text-true kt-btn-has-svg-false  wp-block-kadence-singlebtn\" href=\"https:\/\/enduro-portugal.com\/booking\/\"><span class=\"kt-btn-inner-text\">Reservierung machen<\/span><\/a><\/div>\n\n\n<style>.wp-block-kadence-spacer.kt-block-spacer-37_92a5fc-aa .kt-block-spacer{height:30px;}.wp-block-kadence-spacer.kt-block-spacer-37_92a5fc-aa .kt-divider{border-top-width:1px;height:1px;border-top-color:#eee;width:80%;border-top-style:solid;}<\/style>\n<div class=\"wp-block-kadence-spacer aligncenter kt-block-spacer-37_92a5fc-aa\"><div class=\"kt-block-spacer kt-block-spacer-halign-center\"><\/div><\/div>\n\n\n\n<figure class=\"wp-block-table is-style-regular width50\"><table class=\"has-fixed-layout\"><thead><tr><th class=\"has-text-align-left\" data-align=\"left\"><strong><strong>3\/5 Tage Paket<\/strong><\/strong><\/th><th class=\"has-text-align-left\" data-align=\"left\">\u20ac1199<\/th><\/tr><\/thead><tbody><tr><td class=\"has-text-align-left\" data-align=\"left\">Teilnehmer<\/td><td class=\"has-text-align-left\" data-align=\"left\">Min 3, max 6<\/td><\/tr><tr><td class=\"has-text-align-left\" data-align=\"left\">\u00dcbernachtungen im Doppelzimmer *<\/td><td class=\"has-text-align-left\" data-align=\"left\">5<\/td><\/tr><tr><td class=\"has-text-align-left\" data-align=\"left\">Enduro Tage<\/td><td class=\"has-text-align-left\" data-align=\"left\">3<\/td><\/tr><tr><td class=\"has-text-align-left\" data-align=\"left\">Datum<\/td><td class=\"has-text-align-left\" data-align=\"left\">Nach Wunsch<\/td><\/tr><tr><td class=\"has-text-align-left\" data-align=\"left\">* Einzelzimmerzuschlag<\/td><td class=\"has-text-align-left\" data-align=\"left\">\u20ac19<\/td><\/tr><\/tbody><\/table><\/figure>\n\n\n<style>.wp-block-kadence-advancedbtn.kb-btns37_ded3ad-20{gap:var(--global-kb-gap-xs, 0.5rem );justify-content:flex-start;align-items:center;}.kt-btns37_ded3ad-20 .kt-button{font-weight:normal;font-style:normal;}<\/style>\n<div class=\"wp-block-kadence-advancedbtn kb-buttons-wrap kb-btns37_ded3ad-20\"><style>ul.menu .wp-block-kadence-advancedbtn .kb-btn37_55338e-2b.kb-button{width:initial;}.wp-block-kadence-advancedbtn .kb-btn37_55338e-2b.kb-button{color:#ffffff;background:#ff6600;border-top-color:#ff6600;border-top-style:solid;border-right-color:#ff6600;border-right-style:solid;border-bottom-color:#ff6600;border-bottom-style:solid;border-left-color:#ff6600;border-left-style:solid;}.wp-block-kadence-advancedbtn .kb-btn37_55338e-2b.kb-button:hover, .wp-block-kadence-advancedbtn .kb-btn37_55338e-2b.kb-button:focus{color:#ffffff;background:#335a93;border-top-color:#335a93;border-top-style:solid;border-right-color:#335a93;border-right-style:solid;border-bottom-color:#335a93;border-bottom-style:solid;border-left-color:#335a93;border-left-style:solid;}@media all and (max-width: 1024px){.wp-block-kadence-advancedbtn .kb-btn37_55338e-2b.kb-button{border-top-color:#ff6600;border-top-style:solid;border-right-color:#ff6600;border-right-style:solid;border-bottom-color:#ff6600;border-bottom-style:solid;border-left-color:#ff6600;border-left-style:solid;}}@media all and (max-width: 1024px){.wp-block-kadence-advancedbtn .kb-btn37_55338e-2b.kb-button:hover, .wp-block-kadence-advancedbtn .kb-btn37_55338e-2b.kb-button:focus{border-top-color:#335a93;border-top-style:solid;border-right-color:#335a93;border-right-style:solid;border-bottom-color:#335a93;border-bottom-style:solid;border-left-color:#335a93;border-left-style:solid;}}@media all and (max-width: 767px){.wp-block-kadence-advancedbtn .kb-btn37_55338e-2b.kb-button{border-top-color:#ff6600;border-top-style:solid;border-right-color:#ff6600;border-right-style:solid;border-bottom-color:#ff6600;border-bottom-style:solid;border-left-color:#ff6600;border-left-style:solid;}.wp-block-kadence-advancedbtn .kb-btn37_55338e-2b.kb-button:hover, .wp-block-kadence-advancedbtn .kb-btn37_55338e-2b.kb-button:focus{border-top-color:#335a93;border-top-style:solid;border-right-color:#335a93;border-right-style:solid;border-bottom-color:#335a93;border-bottom-style:solid;border-left-color:#335a93;border-left-style:solid;}}<\/style><a class=\"kb-button kt-button button kb-btn37_55338e-2b kt-btn-size-standard kt-btn-width-type-auto kb-btn-global-outline  kt-btn-has-text-true kt-btn-has-svg-false  wp-block-kadence-singlebtn\" href=\"https:\/\/enduro-portugal.com\/booking\/\"><span class=\"kt-btn-inner-text\">Reservierung machen<\/span><\/a><\/div>\n\n\n<style>.wp-block-kadence-spacer.kt-block-spacer-37_184c72-2d .kt-block-spacer{height:30px;}.wp-block-kadence-spacer.kt-block-spacer-37_184c72-2d .kt-divider{border-top-width:1px;height:1px;border-top-color:#eee;width:80%;border-top-style:solid;}<\/style>\n<div class=\"wp-block-kadence-spacer aligncenter kt-block-spacer-37_184c72-2d\"><div class=\"kt-block-spacer kt-block-spacer-halign-center\"><\/div><\/div>\n\n\n\n<figure class=\"wp-block-table is-style-regular width50\"><table class=\"has-fixed-layout\"><thead><tr><th class=\"has-text-align-left\" data-align=\"left\">5<strong><strong>\/7 Tage Paket<\/strong><\/strong><\/th><th class=\"has-text-align-left\" data-align=\"left\">\u20ac1699<\/th><\/tr><\/thead><tbody><tr><td class=\"has-text-align-left\" data-align=\"left\">Teilnehmer<\/td><td class=\"has-text-align-left\" data-align=\"left\">Min 3, max 6<\/td><\/tr><tr><td class=\"has-text-align-left\" data-align=\"left\">\u00dcbernachtungen im Doppelzimmer *<\/td><td class=\"has-text-align-left\" data-align=\"left\">7<\/td><\/tr><tr><td class=\"has-text-align-left\" data-align=\"left\">Enduro Tage<\/td><td class=\"has-text-align-left\" data-align=\"left\">5<\/td><\/tr><tr><td class=\"has-text-align-left\" data-align=\"left\">Datum<\/td><td class=\"has-text-align-left\" data-align=\"left\">Nach Wunsch<\/td><\/tr><tr><td class=\"has-text-align-left\" data-align=\"left\">* Einzelzimmerzuschlag<\/td><td class=\"has-text-align-left\" data-align=\"left\">\u20ac19<\/td><\/tr><\/tbody><\/table><\/figure>\n\n\n<style>.wp-block-kadence-advancedbtn.kb-btns37_cba766-f0{gap:var(--global-kb-gap-xs, 0.5rem );justify-content:flex-start;align-items:center;}.kt-btns37_cba766-f0 .kt-button{font-weight:normal;font-style:normal;}<\/style>\n<div class=\"wp-block-kadence-advancedbtn kb-buttons-wrap kb-btns37_cba766-f0\"><style>ul.menu .wp-block-kadence-advancedbtn .kb-btn37_8aa7b8-99.kb-button{width:initial;}.wp-block-kadence-advancedbtn .kb-btn37_8aa7b8-99.kb-button{color:#ffffff;background:#ff6600;border-top-color:#ff6600;border-top-style:solid;border-right-color:#ff6600;border-right-style:solid;border-bottom-color:#ff6600;border-bottom-style:solid;border-left-color:#ff6600;border-left-style:solid;}.wp-block-kadence-advancedbtn .kb-btn37_8aa7b8-99.kb-button:hover, .wp-block-kadence-advancedbtn .kb-btn37_8aa7b8-99.kb-button:focus{color:#ffffff;background:#335a93;border-top-color:#335a93;border-top-style:solid;border-right-color:#335a93;border-right-style:solid;border-bottom-color:#335a93;border-bottom-style:solid;border-left-color:#335a93;border-left-style:solid;}@media all and (max-width: 1024px){.wp-block-kadence-advancedbtn .kb-btn37_8aa7b8-99.kb-button{border-top-color:#ff6600;border-top-style:solid;border-right-color:#ff6600;border-right-style:solid;border-bottom-color:#ff6600;border-bottom-style:solid;border-left-color:#ff6600;border-left-style:solid;}}@media all and (max-width: 1024px){.wp-block-kadence-advancedbtn .kb-btn37_8aa7b8-99.kb-button:hover, .wp-block-kadence-advancedbtn .kb-btn37_8aa7b8-99.kb-button:focus{border-top-color:#335a93;border-top-style:solid;border-right-color:#335a93;border-right-style:solid;border-bottom-color:#335a93;border-bottom-style:solid;border-left-color:#335a93;border-left-style:solid;}}@media all and (max-width: 767px){.wp-block-kadence-advancedbtn .kb-btn37_8aa7b8-99.kb-button{border-top-color:#ff6600;border-top-style:solid;border-right-color:#ff6600;border-right-style:solid;border-bottom-color:#ff6600;border-bottom-style:solid;border-left-color:#ff6600;border-left-style:solid;}.wp-block-kadence-advancedbtn .kb-btn37_8aa7b8-99.kb-button:hover, .wp-block-kadence-advancedbtn .kb-btn37_8aa7b8-99.kb-button:focus{border-top-color:#335a93;border-top-style:solid;border-right-color:#335a93;border-right-style:solid;border-bottom-color:#335a93;border-bottom-style:solid;border-left-color:#335a93;border-left-style:solid;}}<\/style><a class=\"kb-button kt-button button kb-btn37_8aa7b8-99 kt-btn-size-standard kt-btn-width-type-auto kb-btn-global-outline  kt-btn-has-text-true kt-btn-has-svg-false  wp-block-kadence-singlebtn\" href=\"https:\/\/enduro-portugal.com\/booking\/\"><span class=\"kt-btn-inner-text\">Reservierung machen<\/span><\/a><\/div>\n\n\n<style>.wp-block-kadence-spacer.kt-block-spacer-37_dc85d6-d8 .kt-block-spacer{height:30px;}.wp-block-kadence-spacer.kt-block-spacer-37_dc85d6-d8 .kt-divider{border-top-width:1px;height:1px;border-top-color:#eee;width:80%;border-top-style:solid;}<\/style>\n<div class=\"wp-block-kadence-spacer aligncenter kt-block-spacer-37_dc85d6-d8\"><div class=\"kt-block-spacer kt-block-spacer-halign-center\"><\/div><\/div>\n\n\n<style>.wp-block-kadence-advancedheading.kt-adv-heading37_ce4832-14, .wp-block-kadence-advancedheading.kt-adv-heading37_ce4832-14[data-kb-block=\"kb-adv-heading37_ce4832-14\"]{margin-top:40px;font-weight:normal;font-style:normal;}.wp-block-kadence-advancedheading.kt-adv-heading37_ce4832-14 mark.kt-highlight, .wp-block-kadence-advancedheading.kt-adv-heading37_ce4832-14[data-kb-block=\"kb-adv-heading37_ce4832-14\"] mark.kt-highlight{font-weight:normal;font-style:normal;color:#f76a0c;-webkit-box-decoration-break:clone;box-decoration-break:clone;padding-top:0px;padding-right:0px;padding-bottom:0px;padding-left:0px;}.wp-block-kadence-advancedheading.kt-adv-heading37_ce4832-14 img.kb-inline-image, .wp-block-kadence-advancedheading.kt-adv-heading37_ce4832-14[data-kb-block=\"kb-adv-heading37_ce4832-14\"] img.kb-inline-image{width:150px;vertical-align:baseline;}<\/style>\n<h2 class=\"kt-adv-heading37_ce4832-14 wp-block-kadence-advancedheading\" data-kb-block=\"kb-adv-heading37_ce4832-14\">Erlebe ein sorgloses Abenteuer mit unserer Enduro-Safari!<\/h2>\n\n\n\n<p>Du genie\u00dft f\u00fcnf Fahrtage \u2013 drei Tage zur Erkundung unserer malerischen Umgebung und zwei aufregende Safari-Tage entlang der Algarve, die bis ins Herz der Region reichen. Inbegriffen sind sechs \u00dcbernachtungen mit Fr\u00fchst\u00fcck, Mittag- und Abendessen.<\/p>\n\n\n\n<p>Wir stellen dir ein Mietmotorrad inklusive Treibstoff, Gep\u00e4cktransport und Flughafentransfers zur Verf\u00fcgung. Mach dich bereit f\u00fcr sorgenfreie, endurovolle Erlebnisse in atemberaubender nat\u00fcrlicher Landschaft!<\/p>\n\n\n\n<p><strong>Fahrlevel:<\/strong> Geeignet f\u00fcr Enduro-Beginner bis fortgeschrittene Fahrer (<em>bitte beachten: diese Tour beinhaltet kein Hard Enduro<\/em>).<\/p>\n\n\n\n<figure class=\"wp-block-table is-style-regular width50\"><table class=\"has-fixed-layout\"><thead><tr><th class=\"has-text-align-left\" data-align=\"left\">Enduro Safari<\/th><th class=\"has-text-align-left\" data-align=\"left\">\u20ac2449<\/th><\/tr><\/thead><tbody><tr><td class=\"has-text-align-left\" data-align=\"left\">Teilnehmer<\/td><td class=\"has-text-align-left\" data-align=\"left\">Min 4<\/td><\/tr><tr><td class=\"has-text-align-left\" data-align=\"left\">\u00dcbernachtungen (mit Fr\u00fchst\u00fcck)<\/td><td class=\"has-text-align-left\" data-align=\"left\">6<\/td><\/tr><tr><td class=\"has-text-align-left\" data-align=\"left\">Mittagessen (on tour)<\/td><td class=\"has-text-align-left\" data-align=\"left\">5<\/td><\/tr><tr><td class=\"has-text-align-left\" data-align=\"left\">Abendessen<\/td><td class=\"has-text-align-left\" data-align=\"left\">6<\/td><\/tr><tr><td class=\"has-text-align-left\" data-align=\"left\">Guide<\/td><td class=\"has-text-align-left\" data-align=\"left\"><span style=\"color:#ff6600\" class=\"has-inline-color\">\u2714<\/span><\/td><\/tr><tr><td class=\"has-text-align-left\" data-align=\"left\">KTM Leihmaschine<\/td><td class=\"has-text-align-left\" data-align=\"left\">KTM EXC 450 4T<br>KTM EXC 300 2T<\/td><\/tr><tr><td class=\"has-text-align-left\" data-align=\"left\">Benzin<\/td><td class=\"has-text-align-left\" data-align=\"left\"><span style=\"color:#ff6600\" class=\"has-inline-color\">\u2714<\/span><\/td><\/tr><tr><td class=\"has-text-align-left\" data-align=\"left\">Gep\u00e4cktransport<\/td><td class=\"has-text-align-left\" data-align=\"left\"><span style=\"color:#ff6600\" class=\"has-inline-color\">\u2714<\/span><\/td><\/tr><tr><td class=\"has-text-align-left\" data-align=\"left\">Ersatzmotorrad &amp; Servicewagen<\/td><td class=\"has-text-align-left\" data-align=\"left\"><span style=\"color:#ff6600\" class=\"has-inline-color\">\u2714<\/span><\/td><\/tr><tr><td class=\"has-text-align-left\" data-align=\"left\">Transfer zum Flughafen<\/td><td class=\"has-text-align-left\" data-align=\"left\"><span style=\"color:#ff6600\" class=\"has-inline-color\">\u2714<\/span><\/td><\/tr><tr><td class=\"has-text-align-left\" data-align=\"left\"><em>Nicht enthalten: Flugtickets<\/em><\/td><td class=\"has-text-align-left\" data-align=\"left\"><\/td><\/tr><\/tbody><\/table><\/figure>\n\n\n<style>.wp-block-kadence-advancedbtn.kb-btns37_667ec5-97{gap:var(--global-kb-gap-xs, 0.5rem );justify-content:flex-start;align-items:center;}.kt-btns37_667ec5-97 .kt-button{font-weight:normal;font-style:normal;}<\/style>\n<div class=\"wp-block-kadence-advancedbtn kb-buttons-wrap kb-btns37_667ec5-97\"><style>ul.menu .wp-block-kadence-advancedbtn .kb-btn37_1ccdbb-01.kb-button{width:initial;}.wp-block-kadence-advancedbtn .kb-btn37_1ccdbb-01.kb-button{color:#ffffff;background:#ff6600;border-top-color:#ff6600;border-top-style:solid;border-right-color:#ff6600;border-right-style:solid;border-bottom-color:#ff6600;border-bottom-style:solid;border-left-color:#ff6600;border-left-style:solid;}.wp-block-kadence-advancedbtn .kb-btn37_1ccdbb-01.kb-button:hover, .wp-block-kadence-advancedbtn .kb-btn37_1ccdbb-01.kb-button:focus{color:#ffffff;background:#335a93;border-top-color:#335a93;border-top-style:solid;border-right-color:#335a93;border-right-style:solid;border-bottom-color:#335a93;border-bottom-style:solid;border-left-color:#335a93;border-left-style:solid;}@media all and (max-width: 1024px){.wp-block-kadence-advancedbtn .kb-btn37_1ccdbb-01.kb-button{border-top-color:#ff6600;border-top-style:solid;border-right-color:#ff6600;border-right-style:solid;border-bottom-color:#ff6600;border-bottom-style:solid;border-left-color:#ff6600;border-left-style:solid;}}@media all and (max-width: 1024px){.wp-block-kadence-advancedbtn .kb-btn37_1ccdbb-01.kb-button:hover, .wp-block-kadence-advancedbtn .kb-btn37_1ccdbb-01.kb-button:focus{border-top-color:#335a93;border-top-style:solid;border-right-color:#335a93;border-right-style:solid;border-bottom-color:#335a93;border-bottom-style:solid;border-left-color:#335a93;border-left-style:solid;}}@media all and (max-width: 767px){.wp-block-kadence-advancedbtn .kb-btn37_1ccdbb-01.kb-button{border-top-color:#ff6600;border-top-style:solid;border-right-color:#ff6600;border-right-style:solid;border-bottom-color:#ff6600;border-bottom-style:solid;border-left-color:#ff6600;border-left-style:solid;}.wp-block-kadence-advancedbtn .kb-btn37_1ccdbb-01.kb-button:hover, .wp-block-kadence-advancedbtn .kb-btn37_1ccdbb-01.kb-button:focus{border-top-color:#335a93;border-top-style:solid;border-right-color:#335a93;border-right-style:solid;border-bottom-color:#335a93;border-bottom-style:solid;border-left-color:#335a93;border-left-style:solid;}}<\/style><a class=\"kb-button kt-button button kb-btn37_1ccdbb-01 kt-btn-size-standard kt-btn-width-type-auto kb-btn-global-outline  kt-btn-has-text-true kt-btn-has-svg-false  wp-block-kadence-singlebtn\" href=\"https:\/\/enduro-portugal.com\/booking\/\"><span class=\"kt-btn-inner-text\">Reservierung machen<\/span><\/a><\/div>\n\n\n<style>.wp-block-kadence-spacer.kt-block-spacer-37_8103a1-82 .kt-block-spacer{height:20px;}.wp-block-kadence-spacer.kt-block-spacer-37_8103a1-82 .kt-divider{border-top-width:1px;height:1px;border-top-color:#eee;width:80%;border-top-style:solid;}<\/style>\n<div class=\"wp-block-kadence-spacer aligncenter kt-block-spacer-37_8103a1-82\"><div class=\"kt-block-spacer kt-block-spacer-halign-center\"><\/div><\/div>\n\n\n<style>.wp-block-kadence-advancedheading.kt-adv-heading37_f3501c-51, .wp-block-kadence-advancedheading.kt-adv-heading37_f3501c-51[data-kb-block=\"kb-adv-heading37_f3501c-51\"]{margin-top:40px;font-weight:normal;font-style:normal;}.wp-block-kadence-advancedheading.kt-adv-heading37_f3501c-51 mark.kt-highlight, .wp-block-kadence-advancedheading.kt-adv-heading37_f3501c-51[data-kb-block=\"kb-adv-heading37_f3501c-51\"] mark.kt-highlight{font-weight:normal;font-style:normal;color:#f76a0c;-webkit-box-decoration-break:clone;box-decoration-break:clone;padding-top:0px;padding-right:0px;padding-bottom:0px;padding-left:0px;}.wp-block-kadence-advancedheading.kt-adv-heading37_f3501c-51 img.kb-inline-image, .wp-block-kadence-advancedheading.kt-adv-heading37_f3501c-51[data-kb-block=\"kb-adv-heading37_f3501c-51\"] img.kb-inline-image{width:150px;vertical-align:baseline;}<\/style>\n<h2 class=\"kt-adv-heading37_f3501c-51 wp-block-kadence-advancedheading\" data-kb-block=\"kb-adv-heading37_f3501c-51\">Pers\u00f6hnliche Empfehlungen<\/h2>\n\n\n\n<p>Trinkrucksack, Reiser\u00fcckholversicherung und Auslandsversicherung.<\/p>\n\n\n<style>.wp-block-kadence-advancedheading.kt-adv-heading37_c814a1-7b, .wp-block-kadence-advancedheading.kt-adv-heading37_c814a1-7b[data-kb-block=\"kb-adv-heading37_c814a1-7b\"]{margin-top:40px;font-weight:normal;font-style:normal;}.wp-block-kadence-advancedheading.kt-adv-heading37_c814a1-7b mark.kt-highlight, .wp-block-kadence-advancedheading.kt-adv-heading37_c814a1-7b[data-kb-block=\"kb-adv-heading37_c814a1-7b\"] mark.kt-highlight{font-weight:normal;font-style:normal;color:#f76a0c;-webkit-box-decoration-break:clone;box-decoration-break:clone;padding-top:0px;padding-right:0px;padding-bottom:0px;padding-left:0px;}.wp-block-kadence-advancedheading.kt-adv-heading37_c814a1-7b img.kb-inline-image, .wp-block-kadence-advancedheading.kt-adv-heading37_c814a1-7b[data-kb-block=\"kb-adv-heading37_c814a1-7b\"] img.kb-inline-image{width:150px;vertical-align:baseline;}<\/style>\n<h2 class=\"kt-adv-heading37_c814a1-7b wp-block-kadence-advancedheading\" data-kb-block=\"kb-adv-heading37_c814a1-7b\">Rentals<\/h2>\n\n\n\n<figure class=\"wp-block-table is-style-regular\"><table class=\"has-fixed-layout\"><thead><tr><th class=\"has-text-align-left\" data-align=\"left\">Ausr\u00fcstung<\/th><th class=\"has-text-align-left\" data-align=\"left\">Preise pro Person pro Tag<\/th><\/tr><\/thead><tbody><tr><td class=\"has-text-align-left\" data-align=\"left\">Vollausstattung<\/td><td class=\"has-text-align-left\" data-align=\"left\">\u20ac29<\/td><\/tr><\/tbody><\/table><\/figure>\n\n\n<style>.wp-block-kadence-advancedheading.kt-adv-heading37_e027ed-4d, .wp-block-kadence-advancedheading.kt-adv-heading37_e027ed-4d[data-kb-block=\"kb-adv-heading37_e027ed-4d\"]{margin-top:40px;font-weight:normal;font-style:normal;}.wp-block-kadence-advancedheading.kt-adv-heading37_e027ed-4d mark.kt-highlight, .wp-block-kadence-advancedheading.kt-adv-heading37_e027ed-4d[data-kb-block=\"kb-adv-heading37_e027ed-4d\"] mark.kt-highlight{font-weight:normal;font-style:normal;color:#f76a0c;-webkit-box-decoration-break:clone;box-decoration-break:clone;padding-top:0px;padding-right:0px;padding-bottom:0px;padding-left:0px;}.wp-block-kadence-advancedheading.kt-adv-heading37_e027ed-4d img.kb-inline-image, .wp-block-kadence-advancedheading.kt-adv-heading37_e027ed-4d[data-kb-block=\"kb-adv-heading37_e027ed-4d\"] img.kb-inline-image{width:150px;vertical-align:baseline;}<\/style>\n<h2 class=\"kt-adv-heading37_e027ed-4d wp-block-kadence-advancedheading\" data-kb-block=\"kb-adv-heading37_e027ed-4d\">Keine versteckten Kosten f\u00fcr Touren und \u00dcbern\u00e4chtigungen<\/h2>\n\n\n\n<figure class=\"wp-block-table is-style-regular width50\"><table class=\"has-fixed-layout\"><thead><tr><th class=\"has-text-align-left\" data-align=\"left\">Leistungen<\/th><th class=\"has-text-align-left\" data-align=\"left\">Inklusiv<\/th><\/tr><\/thead><tbody><tr><td class=\"has-text-align-left\" data-align=\"left\">Doppelzimmer mit Bad<\/td><td class=\"has-text-align-left\" data-align=\"left\"><span style=\"color:#ff6600\" class=\"has-inline-color\">\u2714<\/span><\/td><\/tr><tr><td class=\"has-text-align-left\" data-align=\"left\">Fr\u00fchst\u00fcck<\/td><td class=\"has-text-align-left\" data-align=\"left\"><span style=\"color:#ff6600\" class=\"has-inline-color\">\u2714<\/span><\/td><\/tr><tr><td class=\"has-text-align-left\" data-align=\"left\">Mittagessen<br>(nur bei Enduro Tagen)<\/td><td class=\"has-text-align-left\" data-align=\"left\"><span style=\"color:#ff6600\" class=\"has-inline-color\">\u2714<\/span><\/td><\/tr><tr><td class=\"has-text-align-left\" data-align=\"left\">Guide<br>(mehrsprachig)<\/td><td class=\"has-text-align-left\" data-align=\"left\"><span style=\"color:#ff6600\" class=\"has-inline-color\">\u2714<\/span><\/td><\/tr><tr><td class=\"has-text-align-left\" data-align=\"left\">Leihmaschine<br>KTM EXC 450 4T<br>KTM EXC 300 2T<\/td><td class=\"has-text-align-left\" data-align=\"left\"><span style=\"color:#ff6600\" class=\"has-inline-color\">\u2714<\/span><\/td><\/tr><tr><td class=\"has-text-align-left\" data-align=\"left\">Benzin<\/td><td class=\"has-text-align-left\" data-align=\"left\"><span style=\"color:#ff6600\" class=\"has-inline-color\">\u2714<\/span><\/td><\/tr><tr><td class=\"has-text-align-left\" data-align=\"left\">Wartung<\/td><td class=\"has-text-align-left\" data-align=\"left\"><span style=\"color:#ff6600\" class=\"has-inline-color\">\u2714<\/span><\/td><\/tr><tr><td class=\"has-text-align-left\" data-align=\"left\">Ehrung<br>(nach letzten Farhtag)<\/td><td class=\"has-text-align-left\" data-align=\"left\"><span style=\"color:#ff6600\" class=\"has-inline-color\">\u2714<\/span><\/td><\/tr><\/tbody><\/table><\/figure>\n\n\n\n<p><\/p>","protected":false},"excerpt":{"rendered":"<p>2\/3 Tage Paket \u20ac799 Teilnehmer Min 3, max 6 \u00dcbernachtungen im Doppelzimmer * 3 Enduro Tage 2 Datum Nach Wunsch * Einzelzimmerzuschlag \u20ac19 3\/5 Tage Paket \u20ac1199 Teilnehmer Min 3, max 6 \u00dcbernachtungen im Doppelzimmer * 5 Enduro Tage 3 Datum Nach Wunsch * Einzelzimmerzuschlag \u20ac19 5\/7 Tage Paket \u20ac1699 Teilnehmer Min 3, max 6 [&hellip;]<\/p>\n","protected":false},"author":3,"featured_media":0,"parent":0,"menu_order":0,"comment_status":"closed","ping_status":"closed","template":"cp.php","meta":{"_kad_blocks_custom_css":"","_kad_blocks_head_custom_js":"","_kad_blocks_body_custom_js":"","_kad_blocks_footer_custom_js":"","footnotes":""},"class_list":["post-37","page","type-page","status-publish","hentry"],"taxonomy_info":[],"featured_image_src_large":false,"author_info":{"display_name":"w3b4","author_link":"https:\/\/enduro-portugal.com\/de\/author\/w3b4\/"},"comment_info":0,"_links":{"self":[{"href":"https:\/\/enduro-portugal.com\/de\/wp-json\/wp\/v2\/pages\/37","targetHints":{"allow":["GET"]}}],"collection":[{"href":"https:\/\/enduro-portugal.com\/de\/wp-json\/wp\/v2\/pages"}],"about":[{"href":"https:\/\/enduro-portugal.com\/de\/wp-json\/wp\/v2\/types\/page"}],"author":[{"embeddable":true,"href":"https:\/\/enduro-portugal.com\/de\/wp-json\/wp\/v2\/users\/3"}],"replies":[{"embeddable":true,"href":"https:\/\/enduro-portugal.com\/de\/wp-json\/wp\/v2\/comments?post=37"}],"version-history":[{"count":10,"href":"https:\/\/enduro-portugal.com\/de\/wp-json\/wp\/v2\/pages\/37\/revisions"}],"predecessor-version":[{"id":1138,"href":"https:\/\/enduro-portugal.com\/de\/wp-json\/wp\/v2\/pages\/37\/revisions\/1138"}],"wp:attachment":[{"href":"https:\/\/enduro-portugal.com\/de\/wp-json\/wp\/v2\/media?parent=37"}],"curies":[{"name":"wp","href":"https:\/\/api.w.org\/{rel}","templated":true}]}}