{"id":87,"date":"2020-07-09T19:49:46","date_gmt":"2020-07-09T17:49:46","guid":{"rendered":"http:\/\/enduro-portugal.com\/?page_id=87"},"modified":"2025-01-20T10:10:27","modified_gmt":"2025-01-20T10:10:27","slug":"contact","status":"publish","type":"page","link":"https:\/\/enduro-portugal.com\/de\/contact\/","title":{"rendered":"Kontakt"},"content":{"rendered":"<p>Wenn Sie Fragen haben, k\u00f6nnen Sie sich gerne an uns wenden.<\/p>\n\n\n<style>#kt-layout-id_47bfd0-de > .kt-row-column-wrap{align-content:start;}:where(#kt-layout-id_47bfd0-de > .kt-row-column-wrap) > .wp-block-kadence-column{justify-content:start;}#kt-layout-id_47bfd0-de > .kt-row-column-wrap{column-gap:20px;row-gap:20px;padding-top:var( --global-kb-row-default-top, 25px );padding-bottom:var( --global-kb-row-default-bottom, 25px );padding-top:0px;grid-template-columns:repeat(2, minmax(0, 1fr));}#kt-layout-id_47bfd0-de > .kt-row-layout-overlay{opacity:0.30;}@media all and (max-width: 1024px){#kt-layout-id_47bfd0-de > .kt-row-column-wrap{grid-template-columns:repeat(2, minmax(0, 1fr));}}@media all and (max-width: 767px){#kt-layout-id_47bfd0-de > .kt-row-column-wrap{grid-template-columns:minmax(0, 1fr);}#kt-layout-id_47bfd0-de > .kt-row-column-wrap > .wp-block-kadence-column:nth-child(1 of *:not(style)){order:2;}#kt-layout-id_47bfd0-de > .kt-row-column-wrap > .wp-block-kadence-column:nth-child(2 of *:not(style)){order:1;}#kt-layout-id_47bfd0-de > .kt-row-column-wrap > .wp-block-kadence-column:nth-child(3 of *:not(style)){order:12;}#kt-layout-id_47bfd0-de > .kt-row-column-wrap > .wp-block-kadence-column:nth-child(4 of *:not(style)){order:11;}#kt-layout-id_47bfd0-de > .kt-row-column-wrap > .wp-block-kadence-column:nth-child(5 of *:not(style)){order:22;}#kt-layout-id_47bfd0-de > .kt-row-column-wrap > .wp-block-kadence-column:nth-child(6 of *:not(style)){order:21;}#kt-layout-id_47bfd0-de > .kt-row-column-wrap > .wp-block-kadence-column:nth-child(7 of *:not(style)){order:32;}#kt-layout-id_47bfd0-de > .kt-row-column-wrap > .wp-block-kadence-column:nth-child(8 of *:not(style)){order:31;}}<\/style>\n<div class=\"wp-block-kadence-rowlayout alignnone\"><div id=\"kt-layout-id_47bfd0-de\" class=\"kt-row-layout-inner kt-layout-id_47bfd0-de\"><div class=\"kt-row-column-wrap kt-has-2-columns kt-gutter-narrow kt-v-gutter-narrow kt-row-valign-top kt-row-layout-equal kt-tab-layout-inherit kt-m-colapse-right-to-left kt-mobile-layout-row\"><style>.kadence-column_9f7265-af > .kt-inside-inner-col{border-top-width:0px;border-right-width:0px;border-bottom-width:0px;border-left-width:0px;}.kadence-column_9f7265-af > .kt-inside-inner-col,.kadence-column_9f7265-af > .kt-inside-inner-col:before{border-top-left-radius:0px;border-top-right-radius:0px;border-bottom-right-radius:0px;border-bottom-left-radius:0px;}.kadence-column_9f7265-af > .kt-inside-inner-col{column-gap:var(--global-kb-gap-sm, 1rem);}.kadence-column_9f7265-af > .kt-inside-inner-col{flex-direction:column;}.kadence-column_9f7265-af > .kt-inside-inner-col > .aligncenter{width:100%;}.kadence-column_9f7265-af > .kt-inside-inner-col:before{opacity:0.3;}.kadence-column_9f7265-af{position:relative;}@media all and (max-width: 1024px){.kadence-column_9f7265-af > .kt-inside-inner-col{flex-direction:column;justify-content:center;}}@media all and (max-width: 767px){.kadence-column_9f7265-af > .kt-inside-inner-col{flex-direction:column;justify-content:center;}}<\/style>\n<div class=\"wp-block-kadence-column inner-column-1 kadence-column_9f7265-af\"><div class=\"kt-inside-inner-col\">\n<div class=\"map\"><iframe loading=\"lazy\" src=\"https:\/\/www.google.com\/maps\/embed?pb=!1m18!1m12!1m3!1d3174.051331104467!2d-8.864114048810082!3d37.293917247351914!2m3!1f0!2f0!3f0!3m2!1i1024!2i768!4f13.1!3m3!1m2!1s0xd1b403cfa90ea3d%3A0x2059f0b3f8f6964e!2sEnduro%20Portugal!5e0!3m2!1snl!2snl!4v1607427336596!5m2!1snl!2snl\" width=\"100%\" height=\"450\" frameborder=\"0\" style=\"border:0;\" allowfullscreen=\"\" aria-hidden=\"false\" tabindex=\"0\"><\/iframe><\/div>\n<\/div><\/div>\n\n\n<style>.kadence-column_c820a1-38 > .kt-inside-inner-col{border-top-width:0px;border-right-width:0px;border-bottom-width:0px;border-left-width:0px;}.kadence-column_c820a1-38 > .kt-inside-inner-col,.kadence-column_c820a1-38 > .kt-inside-inner-col:before{border-top-left-radius:0px;border-top-right-radius:0px;border-bottom-right-radius:0px;border-bottom-left-radius:0px;}.kadence-column_c820a1-38 > .kt-inside-inner-col{column-gap:var(--global-kb-gap-sm, 1rem);}.kadence-column_c820a1-38 > .kt-inside-inner-col{flex-direction:column;}.kadence-column_c820a1-38 > .kt-inside-inner-col > .aligncenter{width:100%;}.kadence-column_c820a1-38 > .kt-inside-inner-col:before{opacity:0.3;}.kadence-column_c820a1-38{position:relative;}@media all and (max-width: 1024px){.kadence-column_c820a1-38 > .kt-inside-inner-col{flex-direction:column;justify-content:center;}}@media all and (max-width: 767px){.kadence-column_c820a1-38 > .kt-inside-inner-col{flex-direction:column;justify-content:center;}}<\/style>\n<div class=\"wp-block-kadence-column inner-column-2 kadence-column_c820a1-38\"><div class=\"kt-inside-inner-col\"><style>.kadence-form-_7e0f70-1d .kb-form .kadence-blocks-form-field .kb-forms-submit{background:#ff6600;}.kadence-form-_7e0f70-1d .kb-form .kadence-blocks-form-field .kb-forms-submit:hover, .kadence-form-_7e0f70-1d .kb-form .kadence-blocks-form-field .kb-forms-submit:focus {background:#000000;}.kb-form input.kadence-blocks-field.verify{opacity:0.0;position:absolute;top:0.0;left:0.0;width:0.0;height:0.0;z-index:-1;}<\/style>\n<div class=\"wp-block-kadence-form kadence-form-_7e0f70-1d kb-form-wrap\"><form class=\"kb-form\" action=\"\" method=\"post\"><div class=\"kadence-blocks-form-field kb-field-desk-width-100 kb-input-size-standard\"><input name=\"kb_field_0\" id=\"kb_field__7e0f70-1d_0\" data-label=\"Full name\" type=\"text\" placeholder=\"Name\" value=\"\" data-type=\"text\" class=\"kb-field kb-text-style-field kb-text-field kb-field-0\"\/><\/div><div class=\"kadence-blocks-form-field kb-form-field-1 kb-field-desk-width-100 kb-input-size-standard\"><input name=\"kb_field_1\" id=\"kb_field__7e0f70-1d_1\" data-label=\"E-mail\" type=\"email\" placeholder=\"E-mail\" value=\"\" data-type=\"email\" class=\"kb-field kb-text-style-field kb-email-field kb-field-1\" data-required=\"yes\"\/><\/div><div class=\"kadence-blocks-form-field kb-form-field-2 kb-field-desk-width-100 kb-input-size-standard\"><textarea name=\"kb_field_2\" id=\"kb_field__7e0f70-1d_2\" data-label=\"Frage oder Kommentar\" type=\"textarea\" placeholder=\"Frage oder Kommentar\" data-type=\"textarea\" class=\"kb-field kb-text-style-field kb-textarea-field kb-field-2\" rows=\"4\" data-required=\"yes\"><\/textarea><\/div><input type=\"hidden\" name=\"_kb_form_id\" value=\"_7e0f70-1d\"\/><input type=\"hidden\" name=\"_kb_form_post_id\" value=\"87\"\/><input type=\"hidden\" name=\"action\" value=\"kb_process_ajax_submit\"\/><input class=\"kadence-blocks-field verify\" type=\"text\" name=\"_kb_verify_email\" autocomplete=\"off\" placeholder=\"Email\" tabindex=\"-1\"\/><div class=\"kadence-blocks-form-field kb-submit-field kb-field-desk-width-100\"><button class=\"kb-forms-submit button kb-button-size-standard kb-button-width-auto\">Senden<\/button><\/div><\/form><\/div>\n<noscript><div class=\"kadence-blocks-form-message kadence-blocks-form-warning\">Bitte aktiviere JavaScript in deinem Browser, um dieses Formular fertigzustellen.<\/div><style>.kadence-form-_7e0f70-1d .kadence-blocks-form-field.kb-submit-field { display: none; }<\/style><\/noscript><\/div><\/div>\n<\/div><\/div><\/div>\n\n\n<style>.wp-block-kadence-advancedheading.kt-adv-heading_34843b-29, .wp-block-kadence-advancedheading.kt-adv-heading_34843b-29[data-kb-block=\"kb-adv-heading_34843b-29\"]{font-style:normal;}.wp-block-kadence-advancedheading.kt-adv-heading_34843b-29 mark.kt-highlight, .wp-block-kadence-advancedheading.kt-adv-heading_34843b-29[data-kb-block=\"kb-adv-heading_34843b-29\"] mark.kt-highlight{font-style:normal;color:#f76a0c;-webkit-box-decoration-break:clone;box-decoration-break:clone;padding-top:0px;padding-right:0px;padding-bottom:0px;padding-left:0px;}.wp-block-kadence-advancedheading.kt-adv-heading_34843b-29 img.kb-inline-image, .wp-block-kadence-advancedheading.kt-adv-heading_34843b-29[data-kb-block=\"kb-adv-heading_34843b-29\"] img.kb-inline-image{width:150px;vertical-align:baseline;}<\/style>\n<h2 class=\"kt-adv-heading_34843b-29 wp-block-kadence-advancedheading\" data-kb-block=\"kb-adv-heading_34843b-29\">Fl\u00fcge<\/h2>\n\n\n\n<p>Die beste und meist kosteng\u00fcnstigste Anreise erfolgt \u00fcber Ryanair. In Faro ist der n\u00e4chstgelegene Flughafen. Dieser wird von folgenden deutschen St\u00e4dten angeflogen:<\/p>\n\n\n\n<p>Dortmund<br>Hamburg<br>D\u00fcsseldorf (Weeze)<br>K\u00f6ln<br>Bremen<br>Berlin<br>Frankfurt int.<\/p>","protected":false},"excerpt":{"rendered":"<p>Wenn Sie Fragen haben, k\u00f6nnen Sie sich gerne an uns wenden. Fl\u00fcge Die beste und meist kosteng\u00fcnstigste Anreise erfolgt \u00fcber Ryanair. In Faro ist der n\u00e4chstgelegene Flughafen. Dieser wird von folgenden deutschen St\u00e4dten angeflogen: DortmundHamburgD\u00fcsseldorf (Weeze)K\u00f6lnBremenBerlinFrankfurt int.<\/p>\n","protected":false},"author":3,"featured_media":0,"parent":0,"menu_order":0,"comment_status":"closed","ping_status":"closed","template":"cp.php","meta":{"_kad_blocks_custom_css":"","_kad_blocks_head_custom_js":"","_kad_blocks_body_custom_js":"","_kad_blocks_footer_custom_js":"","footnotes":""},"class_list":["post-87","page","type-page","status-publish","hentry"],"taxonomy_info":[],"featured_image_src_large":false,"author_info":{"display_name":"w3b4","author_link":"https:\/\/enduro-portugal.com\/de\/author\/w3b4\/"},"comment_info":0,"_links":{"self":[{"href":"https:\/\/enduro-portugal.com\/de\/wp-json\/wp\/v2\/pages\/87","targetHints":{"allow":["GET"]}}],"collection":[{"href":"https:\/\/enduro-portugal.com\/de\/wp-json\/wp\/v2\/pages"}],"about":[{"href":"https:\/\/enduro-portugal.com\/de\/wp-json\/wp\/v2\/types\/page"}],"author":[{"embeddable":true,"href":"https:\/\/enduro-portugal.com\/de\/wp-json\/wp\/v2\/users\/3"}],"replies":[{"embeddable":true,"href":"https:\/\/enduro-portugal.com\/de\/wp-json\/wp\/v2\/comments?post=87"}],"version-history":[{"count":0,"href":"https:\/\/enduro-portugal.com\/de\/wp-json\/wp\/v2\/pages\/87\/revisions"}],"wp:attachment":[{"href":"https:\/\/enduro-portugal.com\/de\/wp-json\/wp\/v2\/media?parent=87"}],"curies":[{"name":"wp","href":"https:\/\/api.w.org\/{rel}","templated":true}]}}